{"id":2462,"date":"2020-07-08T09:33:18","date_gmt":"2020-07-08T09:33:18","guid":{"rendered":"http:\/\/wp.pullit.eu\/?page_id=2462"},"modified":"2024-09-05T11:34:31","modified_gmt":"2024-09-05T09:34:31","slug":"shipping-and-delivery","status":"publish","type":"page","link":"https:\/\/pullit.eu\/en\/shipping-and-delivery\/","title":{"rendered":"Shipping and Delivery"},"content":{"rendered":"<div data-elementor-type=\"wp-page\" data-elementor-id=\"2462\" class=\"elementor elementor-2462\">\n\t\t\t\t\t\t<section class=\"elementor-section elementor-top-section elementor-element elementor-element-769a65d elementor-section-boxed elementor-section-height-default elementor-section-height-default\" data-id=\"769a65d\" data-element_type=\"section\" data-e-type=\"section\" data-settings=\"{&quot;background_background&quot;:&quot;classic&quot;}\">\n\t\t\t\t\t\t<div class=\"elementor-container elementor-column-gap-default\">\n\t\t\t\t\t<div class=\"elementor-column elementor-col-100 elementor-top-column elementor-element elementor-element-ee95781\" data-id=\"ee95781\" data-element_type=\"column\" data-e-type=\"column\">\n\t\t\t<div class=\"elementor-widget-wrap elementor-element-populated\">\n\t\t\t\t\t\t<div class=\"elementor-element elementor-element-8291e43 elementor-widget elementor-widget-heading\" data-id=\"8291e43\" data-element_type=\"widget\" data-e-type=\"widget\" data-widget_type=\"heading.default\">\n\t\t\t\t\t<h1 class=\"elementor-heading-title elementor-size-default\">Shipping &amp; Delivery<\/h1>\t\t\t\t<\/div>\n\t\t\t\t<div class=\"elementor-element elementor-element-a65e919 elementor-widget elementor-widget-text-editor\" data-id=\"a65e919\" data-element_type=\"widget\" data-e-type=\"widget\" data-widget_type=\"text-editor.default\">\n\t\t\t\t\t\t\t\t\t<p><span style=\"text-decoration: underline;\">Shipping<\/span><\/p><p>We deliver to the following countries:<\/p><p><span style=\"font-size: 17px;\">Austria, Belgium, Bulgaria, Croatia, Czech Republic, Danmark, France, Germany, Hungary, Irland, Italy, Liechtenstein, Luxemburg, Monaco, Netherlands, Poland, Romania, Slovakia, Slovenia, Switzerland, United Kingdom, Vatikan<\/span><\/p><p>Kunden aus anderen L\u00e4ndern k\u00f6nnen sich mit uns in Verbindung setzen, um Versandoptionen zu erhalten.\u00a0<\/p><p>Versandkosten pro Bestellung: <b>29\u20ac <\/b>f\u00fcr die oben genannten L\u00e4nder<\/p><p><span style=\"text-decoration: underline;\">Delivery<\/span><\/p><p>Shortly after placing an order you will receive an email confirming that your order has been received and is now being processed. You can generally expect to receive your order (when the items are in stock) within 3-5 weeks once you received your order confirmation. The date for delivery is given as accurately as possible but is not guaranteed. You shall have no right to damages or to cancel the order for failure for any cause to meet any delivery time stated.<\/p><p>In case a product does not or several products do not reach the provided address or addresses (when correctly provided), get delayed or get lost during the shipping process, Pullit! retains the right to a full investigations and search that can take up to 30 days. Within this period Pullit! retains the right to withhold a full refund or having to resend the same product(s).<\/p><p>Pullit! will always provide the progress and results of the investigation, upon which suitable and reasonable action can be taken.<\/p>\t\t\t\t\t\t\t\t<\/div>\n\t\t\t\t\t<\/div>\n\t\t<\/div>\n\t\t\t\t\t<\/div>\n\t\t<\/section>\n\t\t\t\t<\/div>","protected":false},"excerpt":{"rendered":"<p>Versand und Lieferung Versand Wir liefern in folgende L\u00e4nder: \u00d6sterreich, Belgien, Bulgarien, Kroatien, Tschechische Republik, D\u00e4nemark, Frankreich, Deutschland, Ungarn, Irland, Italien, Liechtenstein, Luxemburg, Monaco, Niederlande, Polen, Rum\u00e4nien, Slowakei, Slowenien, Schweiz, Vereinigtes K\u00f6nigreich , Vatikan Kunden aus anderen L\u00e4ndern k\u00f6nnen sich mit uns in Verbindung setzen, um Versandoptionen zu erhalten.\u00a0 Versandkosten pro Bestellung: 29\u20ac f\u00fcr die [&hellip;]<\/p>\n","protected":false},"author":1,"featured_media":0,"parent":0,"menu_order":0,"comment_status":"closed","ping_status":"closed","template":"","meta":{"site-sidebar-layout":"no-sidebar","site-content-layout":"page-builder","ast-site-content-layout":"default","site-content-style":"default","site-sidebar-style":"default","ast-global-header-display":"","ast-banner-title-visibility":"","ast-main-header-display":"","ast-hfb-above-header-display":"","ast-hfb-below-header-display":"","ast-hfb-mobile-header-display":"","site-post-title":"disabled","ast-breadcrumbs-content":"","ast-featured-img":"disabled","footer-sml-layout":"","ast-disable-related-posts":"","theme-transparent-header-meta":"default","adv-header-id-meta":"","stick-header-meta":"","header-above-stick-meta":"","header-main-stick-meta":"","header-below-stick-meta":"","astra-migrate-meta-layouts":"default","ast-page-background-enabled":"default","ast-page-background-meta":{"desktop":{"background-color":"","background-image":"","background-repeat":"repeat","background-position":"center center","background-size":"auto","background-attachment":"scroll","background-type":"","background-media":"","overlay-type":"","overlay-color":"","overlay-opacity":"","overlay-gradient":""},"tablet":{"background-color":"","background-image":"","background-repeat":"repeat","background-position":"center center","background-size":"auto","background-attachment":"scroll","background-type":"","background-media":"","overlay-type":"","overlay-color":"","overlay-opacity":"","overlay-gradient":""},"mobile":{"background-color":"","background-image":"","background-repeat":"repeat","background-position":"center center","background-size":"auto","background-attachment":"scroll","background-type":"","background-media":"","overlay-type":"","overlay-color":"","overlay-opacity":"","overlay-gradient":""}},"ast-content-background-meta":{"desktop":{"background-color":"var(--ast-global-color-5)","background-image":"","background-repeat":"repeat","background-position":"center center","background-size":"auto","background-attachment":"scroll","background-type":"","background-media":"","overlay-type":"","overlay-color":"","overlay-opacity":"","overlay-gradient":""},"tablet":{"background-color":"var(--ast-global-color-5)","background-image":"","background-repeat":"repeat","background-position":"center center","background-size":"auto","background-attachment":"scroll","background-type":"","background-media":"","overlay-type":"","overlay-color":"","overlay-opacity":"","overlay-gradient":""},"mobile":{"background-color":"var(--ast-global-color-5)","background-image":"","background-repeat":"repeat","background-position":"center center","background-size":"auto","background-attachment":"scroll","background-type":"","background-media":"","overlay-type":"","overlay-color":"","overlay-opacity":"","overlay-gradient":""}},"footnotes":""},"class_list":["post-2462","page","type-page","status-publish","hentry"],"_links":{"self":[{"href":"https:\/\/pullit.eu\/en\/wp-json\/wp\/v2\/pages\/2462","targetHints":{"allow":["GET"]}}],"collection":[{"href":"https:\/\/pullit.eu\/en\/wp-json\/wp\/v2\/pages"}],"about":[{"href":"https:\/\/pullit.eu\/en\/wp-json\/wp\/v2\/types\/page"}],"author":[{"embeddable":true,"href":"https:\/\/pullit.eu\/en\/wp-json\/wp\/v2\/users\/1"}],"replies":[{"embeddable":true,"href":"https:\/\/pullit.eu\/en\/wp-json\/wp\/v2\/comments?post=2462"}],"version-history":[{"count":0,"href":"https:\/\/pullit.eu\/en\/wp-json\/wp\/v2\/pages\/2462\/revisions"}],"wp:attachment":[{"href":"https:\/\/pullit.eu\/en\/wp-json\/wp\/v2\/media?parent=2462"}],"curies":[{"name":"wp","href":"https:\/\/api.w.org\/{rel}","templated":true}]}}