{"id":3115,"date":"2020-08-03T14:24:50","date_gmt":"2020-08-03T14:24:50","guid":{"rendered":"http:\/\/wp.pullit.eu\/?page_id=3115"},"modified":"2025-06-30T19:51:04","modified_gmt":"2025-06-30T17:51:04","slug":"impressum","status":"publish","type":"page","link":"https:\/\/pullit.eu\/en\/impressum\/","title":{"rendered":"Impressum"},"content":{"rendered":"<div data-elementor-type=\"wp-page\" data-elementor-id=\"3115\" class=\"elementor elementor-3115\">\n\t\t\t\t\t\t<section class=\"elementor-section elementor-top-section elementor-element elementor-element-598136c elementor-section-height-full elementor-section-boxed elementor-section-height-default elementor-section-items-middle\" data-id=\"598136c\" data-element_type=\"section\" data-e-type=\"section\" data-settings=\"{&quot;background_background&quot;:&quot;classic&quot;}\">\n\t\t\t\t\t\t<div class=\"elementor-container elementor-column-gap-default\">\n\t\t\t\t\t<div class=\"elementor-column elementor-col-100 elementor-top-column elementor-element elementor-element-70f95b1\" data-id=\"70f95b1\" data-element_type=\"column\" data-e-type=\"column\">\n\t\t\t<div class=\"elementor-widget-wrap elementor-element-populated\">\n\t\t\t\t\t\t<div class=\"elementor-element elementor-element-f5a63fb elementor-widget elementor-widget-heading\" data-id=\"f5a63fb\" data-element_type=\"widget\" data-e-type=\"widget\" data-widget_type=\"heading.default\">\n\t\t\t\t\t<h1 class=\"elementor-heading-title elementor-size-default\">Impressum<\/h1>\t\t\t\t<\/div>\n\t\t\t\t<div class=\"elementor-element elementor-element-4b6f2f3 elementor-widget elementor-widget-text-editor\" data-id=\"4b6f2f3\" data-element_type=\"widget\" data-e-type=\"widget\" data-widget_type=\"text-editor.default\">\n\t\t\t\t\t\t\t\t\t<p data-start=\"0\" data-end=\"127\" class=\"translation-block\"><strong data-start=\"16\" data-end=\"86\">Pullit! Kereskedelmi \u00e9s Szolg\u00e1ltat\u00f3 Korl\u00e1tolt Felel\u0151ss\u00e9g\u0171 T\u00e1rsas\u00e1g<\/strong><br data-start=\"86\" data-end=\"89\" data-is-only-node=\"\">(\nTrading and services LLC)<\/p><p data-start=\"129\" data-end=\"431\" class=\"translation-block\"><strong data-start=\"129\" data-end=\"157\">Authorized representation:<br><\/strong> R\u00fcdiger Happe, Managing Director<br data-start=\"188\" data-end=\"191\"><strong data-start=\"191\" data-end=\"206\" data-is-only-node=\"\">Registered seat:<br><\/strong> H-1212 Budapest, L\u0151csei utca 19.<br data-start=\"239\" data-end=\"242\"><strong data-start=\"242\" data-end=\"286\">EU Tax ID number:<br><\/strong> HU13465904<br data-start=\"297\" data-end=\"300\"><strong data-start=\"300\" data-end=\"332\">Registration authority:<br><\/strong> Company Registry Court of Budapest<br>Capital Regional Court<br data-start=\"387\" data-end=\"390\"><strong data-start=\"390\" data-end=\"416\">Company registration number:<br><\/strong> 01-09-736635<\/p><p data-start=\"433\" data-end=\"536\" data-is-last-node=\"\" data-is-only-node=\"\" class=\"translation-block\"><strong data-start=\"433\" data-end=\"468\">Order information (phone):<br><\/strong> +36 1 4450151<br data-start=\"482\" data-end=\"485\"><strong data-start=\"485\" data-end=\"496\" data-is-only-node=\"\">E-Mail:<\/strong> <a class=\"cursor-pointer\" rel=\"noopener\" data-start=\"497\" data-end=\"511\" target=\"_self\">info@pullit.eu<\/a><br data-start=\"511\" data-end=\"514\"><strong data-start=\"514\" data-end=\"522\">Web:<\/strong> <a class=\"\" href=\"https:\/\/pullit.eu\/en\/\" target=\"_new\" rel=\"noopener\" data-start=\"523\" data-end=\"536\" data-is-last-node=\"\">www.pullit.eu<\/a><\/p>\t\t\t\t\t\t\t\t<\/div>\n\t\t\t\t\t<\/div>\n\t\t<\/div>\n\t\t\t\t\t<\/div>\n\t\t<\/section>\n\t\t\t\t<\/div>","protected":false},"excerpt":{"rendered":"<p>Impressum Pullit! Kereskedelmi \u00e9s Szolg\u00e1ltat\u00f3 Korl\u00e1tolt Felel\u0151ss\u00e9g\u0171 T\u00e1rsas\u00e1g(GmbH f\u00fcr Handel und Dienstleistungen) Vertretungsberechtigter: R\u00fcdiger Happe, Gesch\u00e4ftsf\u00fchrerFirmensitz: H-1212 Budapest, L\u0151csei utca 19.Umsatzsteuer-Identifikationsnummer (EU): HU13465904Zust\u00e4ndiges Registergericht: Handelsregistergericht des Hauptstadtgerichts BudapestHandelsregisternummer: 01-09-736635 Bestellinformationen (Telefon): +36 1 4450151E-Mail: info@pullit.euWeb: www.pullit.eu<\/p>","protected":false},"author":1,"featured_media":0,"parent":0,"menu_order":0,"comment_status":"closed","ping_status":"closed","template":"","meta":{"site-sidebar-layout":"no-sidebar","site-content-layout":"page-builder","ast-site-content-layout":"default","site-content-style":"default","site-sidebar-style":"default","ast-global-header-display":"","ast-banner-title-visibility":"","ast-main-header-display":"","ast-hfb-above-header-display":"","ast-hfb-below-header-display":"","ast-hfb-mobile-header-display":"","site-post-title":"disabled","ast-breadcrumbs-content":"","ast-featured-img":"disabled","footer-sml-layout":"","ast-disable-related-posts":"","theme-transparent-header-meta":"default","adv-header-id-meta":"","stick-header-meta":"","header-above-stick-meta":"","header-main-stick-meta":"","header-below-stick-meta":"","astra-migrate-meta-layouts":"default","ast-page-background-enabled":"default","ast-page-background-meta":{"desktop":{"background-color":"","background-image":"","background-repeat":"repeat","background-position":"center center","background-size":"auto","background-attachment":"scroll","background-type":"","background-media":"","overlay-type":"","overlay-color":"","overlay-opacity":"","overlay-gradient":""},"tablet":{"background-color":"","background-image":"","background-repeat":"repeat","background-position":"center center","background-size":"auto","background-attachment":"scroll","background-type":"","background-media":"","overlay-type":"","overlay-color":"","overlay-opacity":"","overlay-gradient":""},"mobile":{"background-color":"","background-image":"","background-repeat":"repeat","background-position":"center center","background-size":"auto","background-attachment":"scroll","background-type":"","background-media":"","overlay-type":"","overlay-color":"","overlay-opacity":"","overlay-gradient":""}},"ast-content-background-meta":{"desktop":{"background-color":"var(--ast-global-color-5)","background-image":"","background-repeat":"repeat","background-position":"center center","background-size":"auto","background-attachment":"scroll","background-type":"","background-media":"","overlay-type":"","overlay-color":"","overlay-opacity":"","overlay-gradient":""},"tablet":{"background-color":"var(--ast-global-color-5)","background-image":"","background-repeat":"repeat","background-position":"center center","background-size":"auto","background-attachment":"scroll","background-type":"","background-media":"","overlay-type":"","overlay-color":"","overlay-opacity":"","overlay-gradient":""},"mobile":{"background-color":"var(--ast-global-color-5)","background-image":"","background-repeat":"repeat","background-position":"center center","background-size":"auto","background-attachment":"scroll","background-type":"","background-media":"","overlay-type":"","overlay-color":"","overlay-opacity":"","overlay-gradient":""}},"footnotes":""},"class_list":["post-3115","page","type-page","status-publish","hentry"],"_links":{"self":[{"href":"https:\/\/pullit.eu\/en\/wp-json\/wp\/v2\/pages\/3115","targetHints":{"allow":["GET"]}}],"collection":[{"href":"https:\/\/pullit.eu\/en\/wp-json\/wp\/v2\/pages"}],"about":[{"href":"https:\/\/pullit.eu\/en\/wp-json\/wp\/v2\/types\/page"}],"author":[{"embeddable":true,"href":"https:\/\/pullit.eu\/en\/wp-json\/wp\/v2\/users\/1"}],"replies":[{"embeddable":true,"href":"https:\/\/pullit.eu\/en\/wp-json\/wp\/v2\/comments?post=3115"}],"version-history":[{"count":0,"href":"https:\/\/pullit.eu\/en\/wp-json\/wp\/v2\/pages\/3115\/revisions"}],"wp:attachment":[{"href":"https:\/\/pullit.eu\/en\/wp-json\/wp\/v2\/media?parent=3115"}],"curies":[{"name":"wp","href":"https:\/\/api.w.org\/{rel}","templated":true}]}}