{"id":5268,"date":"2023-02-11T23:14:02","date_gmt":"2023-02-11T22:14:02","guid":{"rendered":"https:\/\/pullit.eu\/?page_id=5268"},"modified":"2024-10-25T16:07:05","modified_gmt":"2024-10-25T14:07:05","slug":"why-foldable","status":"publish","type":"page","link":"https:\/\/pullit.eu\/en\/why-foldable\/","title":{"rendered":"Why foldable"},"content":{"rendered":"<div data-elementor-type=\"wp-page\" data-elementor-id=\"5268\" class=\"elementor elementor-5268\">\n\t\t\t\t<div class=\"elementor-element elementor-element-fd69a78 elementor-hidden-mobile e-flex e-con-boxed e-con e-parent\" data-id=\"fd69a78\" data-element_type=\"container\" data-e-type=\"container\" data-settings=\"{&quot;background_background&quot;:&quot;classic&quot;}\">\n\t\t\t\t\t<div class=\"e-con-inner\">\n\t\t<div class=\"elementor-element elementor-element-e8baccd e-flex e-con-boxed e-con e-child\" data-id=\"e8baccd\" data-element_type=\"container\" data-e-type=\"container\" data-settings=\"{&quot;background_background&quot;:&quot;classic&quot;}\">\n\t\t\t\t\t<div class=\"e-con-inner\">\n\t\t\t\t<div class=\"elementor-element elementor-element-0ce0823 elementor-widget__width-inherit elementor-widget elementor-widget-heading\" data-id=\"0ce0823\" data-element_type=\"widget\" data-e-type=\"widget\" data-widget_type=\"heading.default\">\n\t\t\t\t\t<h1 class=\"elementor-heading-title elementor-size-default\">Why is the Pullit! foldable?<\/h1>\t\t\t\t<\/div>\n\t\t\t\t<div class=\"elementor-element elementor-element-98b055e elementor-widget__width-inherit elementor-widget elementor-widget-heading\" data-id=\"98b055e\" data-element_type=\"widget\" data-e-type=\"widget\" data-widget_type=\"heading.default\">\n\t\t\t\t\t<p class=\"elementor-heading-title elementor-size-default\"><span style=\"color:#E9002D\"><b>Cargo trailers<\/span><\/b> are the <span style=\"color:#E9002D\"><b>perfect solution<\/span><\/b> for your everyday transportation. <br><br>\nHowever, you must drive <span style=\"color:#E9002D\"><b>slowly and carefully<\/span><\/b>to be safe on the road. <br><br>But <span style=\"color:#E9002D\"><b>did you know<\/span><\/b>, that on average you make <span style=\"color:#E9002D\"><b>80%<\/span><\/b>  of all trips with an <span style=\"color:#E9002D\"><b>empty trailer<\/span><\/b> ?  <br><br>With the <span style=\"color:#E9002D\"><b>Pullit!<\/span><\/b> there are no <span style=\"color:#E9002D\"><b>empty runs<\/span><\/b>, that <span style=\"color:#E9002D\"><b>prevent your safe, sporty and dynamic driving style.<\/span><\/b> <\/p>\t\t\t\t<\/div>\n\t\t\t\t<div class=\"elementor-element elementor-element-5b7dd79 elementor-widget elementor-widget-heading\" data-id=\"5b7dd79\" data-element_type=\"widget\" data-e-type=\"widget\" data-widget_type=\"heading.default\">\n\t\t\t\t\t<h2 class=\"elementor-heading-title elementor-size-default\">That\u00b4s why the Pullit! is foldable!<\/h2>\t\t\t\t<\/div>\n\t\t\t\t<div class=\"elementor-element elementor-element-912f4aa elementor-widget elementor-widget-text-editor\" data-id=\"912f4aa\" data-element_type=\"widget\" data-e-type=\"widget\" data-widget_type=\"text-editor.default\">\n\t\t\t\t\t\t\t\t\t<p>And also:<\/p><ul><li>Take your bike along with the Pullit! on public transport (ideal for folding bikes).<\/li><li>You don't need any additional storage space.<\/li><\/ul>\t\t\t\t\t\t\t\t<\/div>\n\t\t\t\t<div class=\"elementor-element elementor-element-1d153fa elementor-align-center animated-fast elementor-hidden-mobile elementor-invisible elementor-widget elementor-widget-button\" data-id=\"1d153fa\" data-element_type=\"widget\" data-e-type=\"widget\" data-settings=\"{&quot;_animation&quot;:&quot;fadeIn&quot;}\" data-widget_type=\"button.default\">\n\t\t\t\t\t\t\t\t\t\t<a class=\"elementor-button elementor-button-link elementor-size-sm\" href=\"https:\/\/pullit.eu\/en\/#return_home\">\n\t\t\t\t\t\t<span class=\"elementor-button-content-wrapper\">\n\t\t\t\t\t\t\t\t\t<span class=\"elementor-button-text\">Back<\/span>\n\t\t\t\t\t<\/span>\n\t\t\t\t\t<\/a>\n\t\t\t\t\t\t\t\t<\/div>\n\t\t\t\t\t<\/div>\n\t\t\t\t<\/div>\n\t\t\t\t\t<\/div>\n\t\t\t\t<\/div>\n\t\t\t\t<section class=\"elementor-section elementor-top-section elementor-element elementor-element-c43685f elementor-hidden-desktop elementor-hidden-tablet elementor-section-boxed elementor-section-height-default elementor-section-height-default\" data-id=\"c43685f\" data-element_type=\"section\" data-e-type=\"section\" data-settings=\"{&quot;background_background&quot;:&quot;classic&quot;}\">\n\t\t\t\t\t\t\t<div class=\"elementor-background-overlay\"><\/div>\n\t\t\t\t\t\t\t<div class=\"elementor-container elementor-column-gap-default\">\n\t\t\t\t\t<div class=\"elementor-column elementor-col-100 elementor-top-column elementor-element elementor-element-d6982e2\" data-id=\"d6982e2\" data-element_type=\"column\" data-e-type=\"column\">\n\t\t\t<div class=\"elementor-widget-wrap elementor-element-populated\">\n\t\t\t\t\t\t<div class=\"elementor-element elementor-element-a319baa elementor-widget__width-inherit elementor-widget elementor-widget-heading\" data-id=\"a319baa\" data-element_type=\"widget\" data-e-type=\"widget\" data-widget_type=\"heading.default\">\n\t\t\t\t\t<h1 class=\"elementor-heading-title elementor-size-default\">Why is the Pullit! foldable?<\/h1>\t\t\t\t<\/div>\n\t\t\t\t<section class=\"elementor-section elementor-inner-section elementor-element elementor-element-0c1b77f elementor-section-height-min-height elementor-section-full_width elementor-section-height-default\" data-id=\"0c1b77f\" data-element_type=\"section\" data-e-type=\"section\">\n\t\t\t\t\t\t<div class=\"elementor-container elementor-column-gap-no\">\n\t\t\t\t\t<div class=\"elementor-column elementor-col-100 elementor-inner-column elementor-element elementor-element-ef8dcca\" data-id=\"ef8dcca\" data-element_type=\"column\" data-e-type=\"column\">\n\t\t\t<div class=\"elementor-widget-wrap elementor-element-populated\">\n\t\t\t\t\t\t<div class=\"elementor-element elementor-element-d3d7317 elementor-widget__width-inherit elementor-widget elementor-widget-heading\" data-id=\"d3d7317\" data-element_type=\"widget\" data-e-type=\"widget\" data-widget_type=\"heading.default\">\n\t\t\t\t\t<p class=\"elementor-heading-title elementor-size-default\"><span style=\"color:#E9002D\"><b>Cargo trailers<\/span><\/b> are the <span style=\"color:#E9002D\"><b>perfect solution<\/span><\/b> for your everyday transportation. <br><br>\nHowever, you must drive <span style=\"color:#E9002D\"><b>slowly and carefully<\/span><\/b>to be safe on the road. <br><br>But <span style=\"color:#E9002D\"><b>did you know<\/span><\/b>, that on average you make <span style=\"color:#E9002D\"><b>80%<\/span><\/b>  of all trips with an <span style=\"color:#E9002D\"><b>empty trailer<\/span><\/b> ?  <br><br>With the <span style=\"color:#E9002D\"><b>Pullit!<\/span><\/b> there are no <span style=\"color:#E9002D\"><b>empty runs<\/span><\/b>, that <span style=\"color:#E9002D\"><b>prevent your safe, sporty and dynamic driving style.<\/span><\/b> <\/p>\t\t\t\t<\/div>\n\t\t\t\t<div class=\"elementor-element elementor-element-728517f elementor-widget elementor-widget-heading\" data-id=\"728517f\" data-element_type=\"widget\" data-e-type=\"widget\" data-widget_type=\"heading.default\">\n\t\t\t\t\t<h2 class=\"elementor-heading-title elementor-size-default\">That\u00b4s why the Pullit! is foldable!<\/h2>\t\t\t\t<\/div>\n\t\t\t\t\t<\/div>\n\t\t<\/div>\n\t\t\t\t\t<\/div>\n\t\t<\/section>\n\t\t\t\t<div class=\"elementor-element elementor-element-254c5a5 elementor-widget elementor-widget-text-editor\" data-id=\"254c5a5\" data-element_type=\"widget\" data-e-type=\"widget\" data-widget_type=\"text-editor.default\">\n\t\t\t\t\t\t\t\t\t<p>And also:<\/p><ul><li>Take your bike along with the Pullit! on public transport (ideal for folding bikes).<\/li><li>You don't need any additional storage space.<\/li><\/ul>\t\t\t\t\t\t\t\t<\/div>\n\t\t\t\t<div class=\"elementor-element elementor-element-1c421d3 elementor-align-center animated-fast elementor-hidden-mobile elementor-invisible elementor-widget elementor-widget-button\" data-id=\"1c421d3\" data-element_type=\"widget\" data-e-type=\"widget\" data-settings=\"{&quot;_animation&quot;:&quot;fadeIn&quot;}\" data-widget_type=\"button.default\">\n\t\t\t\t\t\t\t\t\t\t<a class=\"elementor-button elementor-button-link elementor-size-sm\" href=\"https:\/\/pullit.eu\/en\/#return_home\">\n\t\t\t\t\t\t<span class=\"elementor-button-content-wrapper\">\n\t\t\t\t\t\t\t\t\t<span class=\"elementor-button-text\">Back<\/span>\n\t\t\t\t\t<\/span>\n\t\t\t\t\t<\/a>\n\t\t\t\t\t\t\t\t<\/div>\n\t\t\t\t\t<\/div>\n\t\t<\/div>\n\t\t\t\t\t<\/div>\n\t\t<\/section>\n\t\t<div class=\"elementor-element elementor-element-70b9373 elementor-hidden-desktop elementor-hidden-tablet e-flex e-con-boxed e-con e-parent\" data-id=\"70b9373\" data-element_type=\"container\" data-e-type=\"container\" data-settings=\"{&quot;background_background&quot;:&quot;classic&quot;}\">\n\t\t\t\t\t<div class=\"e-con-inner\">\n\t\t\t\t\t<\/div>\n\t\t\t\t<\/div>\n\t\t\t\t<\/div>","protected":false},"excerpt":{"rendered":"<p>Warum ist der Pullit! faltbar? Lastenanh\u00e4nger sind die perfekte L\u00f6sung f\u00fcr deine allt\u00e4glichen Transporte. Allerdings musst du langsamer und vorsichtig fahren, um sicher unterwegs zu sein. Aber wusstest Du, dass Du durchschnittlich 80% aller Fahrten mit leerem Anh\u00e4nger f\u00e4hrst? Mit dem Pullit! gibt es keine Leerfahrten, die deine sichere, sportlich-dynamische Fahrweise verhindern. Darum ist der [&hellip;]<\/p>\n","protected":false},"author":1,"featured_media":0,"parent":0,"menu_order":0,"comment_status":"closed","ping_status":"closed","template":"","meta":{"site-sidebar-layout":"default","site-content-layout":"","ast-site-content-layout":"default","site-content-style":"default","site-sidebar-style":"default","ast-global-header-display":"","ast-banner-title-visibility":"","ast-main-header-display":"","ast-hfb-above-header-display":"","ast-hfb-below-header-display":"","ast-hfb-mobile-header-display":"","site-post-title":"","ast-breadcrumbs-content":"","ast-featured-img":"","footer-sml-layout":"","ast-disable-related-posts":"","theme-transparent-header-meta":"","adv-header-id-meta":"","stick-header-meta":"","header-above-stick-meta":"","header-main-stick-meta":"","header-below-stick-meta":"","astra-migrate-meta-layouts":"default","ast-page-background-enabled":"default","ast-page-background-meta":{"desktop":{"background-color":"","background-image":"","background-repeat":"repeat","background-position":"center center","background-size":"auto","background-attachment":"scroll","background-type":"","background-media":"","overlay-type":"","overlay-color":"","overlay-opacity":"","overlay-gradient":""},"tablet":{"background-color":"","background-image":"","background-repeat":"repeat","background-position":"center center","background-size":"auto","background-attachment":"scroll","background-type":"","background-media":"","overlay-type":"","overlay-color":"","overlay-opacity":"","overlay-gradient":""},"mobile":{"background-color":"","background-image":"","background-repeat":"repeat","background-position":"center center","background-size":"auto","background-attachment":"scroll","background-type":"","background-media":"","overlay-type":"","overlay-color":"","overlay-opacity":"","overlay-gradient":""}},"ast-content-background-meta":{"desktop":{"background-color":"var(--ast-global-color-5)","background-image":"","background-repeat":"repeat","background-position":"center center","background-size":"auto","background-attachment":"scroll","background-type":"","background-media":"","overlay-type":"","overlay-color":"","overlay-opacity":"","overlay-gradient":""},"tablet":{"background-color":"var(--ast-global-color-5)","background-image":"","background-repeat":"repeat","background-position":"center center","background-size":"auto","background-attachment":"scroll","background-type":"","background-media":"","overlay-type":"","overlay-color":"","overlay-opacity":"","overlay-gradient":""},"mobile":{"background-color":"var(--ast-global-color-5)","background-image":"","background-repeat":"repeat","background-position":"center center","background-size":"auto","background-attachment":"scroll","background-type":"","background-media":"","overlay-type":"","overlay-color":"","overlay-opacity":"","overlay-gradient":""}},"footnotes":""},"class_list":["post-5268","page","type-page","status-publish","hentry"],"_links":{"self":[{"href":"https:\/\/pullit.eu\/en\/wp-json\/wp\/v2\/pages\/5268","targetHints":{"allow":["GET"]}}],"collection":[{"href":"https:\/\/pullit.eu\/en\/wp-json\/wp\/v2\/pages"}],"about":[{"href":"https:\/\/pullit.eu\/en\/wp-json\/wp\/v2\/types\/page"}],"author":[{"embeddable":true,"href":"https:\/\/pullit.eu\/en\/wp-json\/wp\/v2\/users\/1"}],"replies":[{"embeddable":true,"href":"https:\/\/pullit.eu\/en\/wp-json\/wp\/v2\/comments?post=5268"}],"version-history":[{"count":0,"href":"https:\/\/pullit.eu\/en\/wp-json\/wp\/v2\/pages\/5268\/revisions"}],"wp:attachment":[{"href":"https:\/\/pullit.eu\/en\/wp-json\/wp\/v2\/media?parent=5268"}],"curies":[{"name":"wp","href":"https:\/\/api.w.org\/{rel}","templated":true}]}}